{"id":1994,"date":"2021-09-10T16:26:03","date_gmt":"2021-09-10T16:26:03","guid":{"rendered":"http:\/\/localhost\/katalog\/product\/kabel-razdelnik-dc-napojuvanja-so-cinc-konektori-1-z-na-4-m\/"},"modified":"2021-09-10T16:26:06","modified_gmt":"2021-09-10T16:26:06","slug":"kabel-razdelnik-dc-napojuvanja-so-cinc-konektori-1-z-na-4-m","status":"publish","type":"product","link":"https:\/\/trinity-systems.com.mk\/en\/product\/kabel-razdelnik-dc-napojuvanja-so-cinc-konektori-1-z-na-4-m\/","title":{"rendered":"kabel razdelnik DC  1 (z) na 4 (m)"},"content":{"rendered":"<p>kabel razdelnik DC napojuvanja so \u010din\u010d konektori 1 (\u017e) na 4 (m)<\/p>","protected":false},"excerpt":{"rendered":"<p>The image is informative.<\/p>","protected":false},"featured_media":603,"template":"","meta":[],"product_cat":[78,81],"product_tag":[109],"class_list":["post-1994","product","type-product","status-publish","has-post-thumbnail","hentry","product_cat-video_nadzor","product_cat-ostanato_video_nadzor","product_tag-anza"],"_links":{"self":[{"href":"https:\/\/trinity-systems.com.mk\/en\/wp-json\/wp\/v2\/product\/1994","targetHints":{"allow":["GET"]}}],"collection":[{"href":"https:\/\/trinity-systems.com.mk\/en\/wp-json\/wp\/v2\/product"}],"about":[{"href":"https:\/\/trinity-systems.com.mk\/en\/wp-json\/wp\/v2\/types\/product"}],"wp:featuredmedia":[{"embeddable":true,"href":"https:\/\/trinity-systems.com.mk\/en\/wp-json\/wp\/v2\/media\/603"}],"wp:attachment":[{"href":"https:\/\/trinity-systems.com.mk\/en\/wp-json\/wp\/v2\/media?parent=1994"}],"wp:term":[{"taxonomy":"product_cat","embeddable":true,"href":"https:\/\/trinity-systems.com.mk\/en\/wp-json\/wp\/v2\/product_cat?post=1994"},{"taxonomy":"product_tag","embeddable":true,"href":"https:\/\/trinity-systems.com.mk\/en\/wp-json\/wp\/v2\/product_tag?post=1994"}],"curies":[{"name":"wp","href":"https:\/\/api.w.org\/{rel}","templated":true}]}}